{"id":3,"date":"2025-02-13T17:45:01","date_gmt":"2025-02-13T17:45:01","guid":{"rendered":"http:\/\/lardigloballlc.com\/?page_id=3"},"modified":"2025-04-14T19:57:07","modified_gmt":"2025-04-14T19:57:07","slug":"privacy-policy","status":"publish","type":"page","link":"https:\/\/lardigloballlc.com\/es\/privacy-policy\/","title":{"rendered":"Pol\u00edtica de Privacidad"},"content":{"rendered":"<div data-elementor-type=\"wp-page\" data-elementor-id=\"3\" class=\"elementor elementor-3\" data-elementor-post-type=\"page\">\n\t\t\t\t<div class=\"elementor-element elementor-element-3b29be84 e-flex e-con-boxed e-con e-parent\" data-id=\"3b29be84\" data-element_type=\"container\" data-e-type=\"container\">\n\t\t\t\t\t<div class=\"e-con-inner\">\n\t\t\t\t<div class=\"elementor-element elementor-element-5a4a3d31 elementor-widget elementor-widget-text-editor\" data-id=\"5a4a3d31\" data-element_type=\"widget\" data-e-type=\"widget\" data-widget_type=\"text-editor.default\">\n\t\t\t\t<div class=\"elementor-widget-container\">\n\t\t\t\t\t\t\t\t\t\n<h2 class=\"wp-block-heading\">Pol\u00edtica de Privacidad<\/h2>\n<p><br \/>En Lardi Global LLC, valoramos su privacidad y estamos comprometidos con la protecci\u00f3n de sus datos personales. Esta Pol\u00edtica de Privacidad explica c\u00f3mo recopilamos, usamos y protegemos la informaci\u00f3n que nos proporciona al visitar nuestro sitio web o interactuar con nuestros servicios.<\/p>\n\n<div class=\"wp-block-spacer\" style=\"height: 30px;\" aria-hidden=\"true\">\u00a0<\/div>\n<hr class=\"wp-block-separator has-alpha-channel-opacity\" \/>\n<div class=\"wp-block-spacer\" style=\"height: 20px;\" aria-hidden=\"true\">\u00a0<\/div>\n\n<h3 class=\"wp-block-heading\">Informaci\u00f3n que Recopilamos<\/h3>\n\n<p>Direcci\u00f3n IP, tipo de navegador, informaci\u00f3n del dispositivo, p\u00e1ginas visitadas y tiempo pasado en nuestro sitio web.<\/p>\n\n<ul class=\"wp-block-list\">\n<li><strong>Informaci\u00f3n Personal:<\/strong>Nombre, direcci\u00f3n de correo electr\u00f3nico, n\u00famero de tel\u00e9fono y otros detalles proporcionados a trav\u00e9s de formularios de contacto o consultas.<\/li>\n\n<li><strong>Datos de Uso<\/strong>: IP address, browser type, device information, pages visited, and time spent on our website.<\/li>\n\n<li><strong>Cookies:<\/strong>Usamos cookies para mejorar la funcionalidad del sitio web y mejorar su experiencia de navegaci\u00f3n.<\/li>\n<\/ul>\n\n<div class=\"wp-block-spacer\" style=\"height: 20px;\" aria-hidden=\"true\">\u00a0<\/div>\n<hr class=\"wp-block-separator has-alpha-channel-opacity\" \/>\n<div class=\"wp-block-spacer\" style=\"height: 20px;\" aria-hidden=\"true\">\u00a0<\/div>\n\n<h3 class=\"wp-block-heading\">C\u00f3mo Usamos su Informaci\u00f3n<\/h3>\n\n<p>Sus datos pueden ser utilizados para:<\/p>\n\n<ul class=\"wp-block-list\">\n<li>Responder a sus consultas o env\u00edos de formularios de contacto.<\/li>\n\n<li>Proporcionar servicios de consultor\u00eda o programar reuniones.<\/li>\n\n<li>Mejorar nuestro sitio web y la experiencia del usuario.<\/li>\n\n<li>Enviar actualizaciones o informaci\u00f3n relevante (si opta por ello).<\/li>\n\n<li>Garantizar la seguridad y el rendimiento de nuestro sitio web.<\/li>\n<\/ul>\n\n<div class=\"wp-block-spacer\" style=\"height: 20px;\" aria-hidden=\"true\">\u00a0<\/div>\n<hr class=\"wp-block-separator has-alpha-channel-opacity\" \/>\n<div class=\"wp-block-spacer\" style=\"height: 20px;\" aria-hidden=\"true\">\u00a0<\/div>\n\n<h3 class=\"wp-block-heading\">Compartir Informaci\u00f3n<\/h3>\n\n<p>Nosotros <strong>no<\/strong> vendemos, alquilamos ni compartimos su informaci\u00f3n personal con terceros, excepto:<\/p>\n\n<ul class=\"wp-block-list\">\n<li>Cuando lo exija la ley o un proceso legal.<\/li>\n\n<li>Con proveedores de servicios de confianza que nos ayudan a operar nuestro sitio web o entregar servicios, bajo estrictos acuerdos de confidencialidad.<\/li>\n<\/ul>\n\n<div class=\"wp-block-spacer\" style=\"height: 20px;\" aria-hidden=\"true\">\u00a0<\/div>\n<hr class=\"wp-block-separator has-alpha-channel-opacity\" \/>\n<div class=\"wp-block-spacer\" style=\"height: 20px;\" aria-hidden=\"true\">\u00a0<\/div>\n\n<h3 class=\"wp-block-heading\">Sus Derechos<\/h3>\n\n<p>Usted tiene el derecho de:<\/p>\n\n<ul class=\"wp-block-list\">\n<li>Acceder, corregir o eliminar su informaci\u00f3n personal.<\/li>\n\n<li>Retirar su consentimiento para que usemos sus datos (cuando corresponda).<\/li>\n\n<li>Solicitar que dejemos de enviarle correos electr\u00f3nicos (poni\u00e9ndose en contacto con nosotros).<\/li>\n<\/ul>\n\n<div class=\"wp-block-spacer\" style=\"height: 20px;\" aria-hidden=\"true\">\u00a0<\/div>\n<hr class=\"wp-block-separator has-alpha-channel-opacity\" \/>\n<div class=\"wp-block-spacer\" style=\"height: 20px;\" aria-hidden=\"true\">\u00a0<\/div>\n\n<h3 class=\"wp-block-heading\">Seguridad de los Datos<\/h3>\n\n<p>Tomamos medidas razonables para proteger sus datos personales contra accesos no autorizados, p\u00e9rdidas o mal uso. Sin embargo, ninguna plataforma digital puede garantizar seguridad completa.<\/p>\n\n<div class=\"wp-block-spacer\" style=\"height: 20px;\" aria-hidden=\"true\">\u00a0<\/div>\n<hr class=\"wp-block-separator has-alpha-channel-opacity\" \/>\n<div class=\"wp-block-spacer\" style=\"height: 20px;\" aria-hidden=\"true\">\u00a0<\/div>\n\n<h3 class=\"wp-block-heading\">Enlaces Externos<\/h3>\n\n<p>Nuestro sitio web puede contener enlaces a sitios web de terceros. No somos responsables del contenido ni de las pr\u00e1cticas de privacidad de estos sitios. Le recomendamos leer sus pol\u00edticas de privacidad.<\/p>\n\n<div class=\"wp-block-spacer\" style=\"height: 20px;\" aria-hidden=\"true\">\u00a0<\/div>\n<hr class=\"wp-block-separator has-alpha-channel-opacity\" \/>\n<div class=\"wp-block-spacer\" style=\"height: 20px;\" aria-hidden=\"true\">\u00a0<\/div>\n\n<h3 class=\"wp-block-heading\">Actualizaciones a esta Pol\u00edtica<\/h3>\n\n<p>Podemos actualizar esta Pol\u00edtica de Privacidad ocasionalmente. Los cambios se publicar\u00e1n en esta p\u00e1gina.<\/p>\n\n<div class=\"wp-block-spacer\" style=\"height: 20px;\" aria-hidden=\"true\">\u00a0<\/div>\n<hr class=\"wp-block-separator has-alpha-channel-opacity\" \/>\n<div class=\"wp-block-spacer\" style=\"height: 20px;\" aria-hidden=\"true\">\u00a0<\/div>\n\n<h3 class=\"wp-block-heading\">Cont\u00e1ctenos<\/h3>\n\n<p>Si tiene alguna pregunta sobre esta Pol\u00edtica de Privacidad o sobre c\u00f3mo manejamos sus datos, por favor cont\u00e1ctenos:<\/p>\n\n<p>\ud83d\udce7 <strong>Email:<\/strong> <a>info@lardigloballlc.com<\/a><br \/>\ud83d\udcde <strong>Tel\u00e9fono:<\/strong> +1 754 3156396<br \/>\ud83d\udccd <strong>Direcci\u00f3n:<\/strong> 2740 E Oakland Park Blvd, Fort Lauderdale, FL 33306.<\/p>\n\n<div class=\"wp-block-spacer\" style=\"height: 100px;\" aria-hidden=\"true\">\u00a0<\/div>\n\n<p>\u00a0<\/p>\n\t\t\t\t\t\t\t\t<\/div>\n\t\t\t\t<\/div>\n\t\t\t\t\t<\/div>\n\t\t\t\t<\/div>\n\t\t\t\t<\/div>","protected":false},"excerpt":{"rendered":"<p>Privacy Policy At Lardi Global LLC, we value your privacy and are committed to protecting your personal data. This Privacy Policy explains how we collect, use, and safeguard the information you provide when you visit our website or interact with our services. 1. Information We Collect We may collect the following information: 2. How We [&hellip;]<\/p>\n","protected":false},"author":1,"featured_media":0,"parent":0,"menu_order":0,"comment_status":"closed","ping_status":"open","template":"","meta":{"footnotes":""},"class_list":["post-3","page","type-page","status-publish","hentry"],"_links":{"self":[{"href":"https:\/\/lardigloballlc.com\/es\/wp-json\/wp\/v2\/pages\/3","targetHints":{"allow":["GET"]}}],"collection":[{"href":"https:\/\/lardigloballlc.com\/es\/wp-json\/wp\/v2\/pages"}],"about":[{"href":"https:\/\/lardigloballlc.com\/es\/wp-json\/wp\/v2\/types\/page"}],"author":[{"embeddable":true,"href":"https:\/\/lardigloballlc.com\/es\/wp-json\/wp\/v2\/users\/1"}],"replies":[{"embeddable":true,"href":"https:\/\/lardigloballlc.com\/es\/wp-json\/wp\/v2\/comments?post=3"}],"version-history":[{"count":0,"href":"https:\/\/lardigloballlc.com\/es\/wp-json\/wp\/v2\/pages\/3\/revisions"}],"wp:attachment":[{"href":"https:\/\/lardigloballlc.com\/es\/wp-json\/wp\/v2\/media?parent=3"}],"curies":[{"name":"wp","href":"https:\/\/api.w.org\/{rel}","templated":true}]}}